{"id":1228,"date":"2020-10-24T16:48:02","date_gmt":"2020-10-24T14:48:02","guid":{"rendered":"https:\/\/www.limpiezasdomingo.com\/about-us\/"},"modified":"2025-10-20T13:06:25","modified_gmt":"2025-10-20T11:06:25","slug":"about-us","status":"publish","type":"page","link":"https:\/\/www.limpiezasdomingo.com\/en\/about-us\/","title":{"rendered":"About us"},"content":{"rendered":"<p>[et_pb_section fb_built=&#8221;1&#8243; admin_label=&#8221;Services Header&#8221; _builder_version=&#8221;4.16&#8243; use_background_color_gradient=&#8221;on&#8221; background_color_gradient_stops=&#8221;#ffffff 0%|rgba(11,150,212,0.2) 87%&#8221; background_color_gradient_start=&#8221;#ffffff&#8221; background_color_gradient_end=&#8221;rgba(11,150,212,0.2)&#8221; background_color_gradient_end_position=&#8221;87%&#8221; custom_padding=&#8221;0|0px|54px|0px|false|false&#8221; top_divider_style=&#8221;waves2&#8243; top_divider_color=&#8221;#0c71c3&#8243; locked=&#8221;off&#8221; global_colors_info=&#8221;{}&#8221;][et_pb_row column_structure=&#8221;2_3,1_3&#8243; use_custom_gutter=&#8221;on&#8221; gutter_width=&#8221;1&#8243; padding_top_bottom_link_2=&#8221;true&#8221; padding_left_right_link_2=&#8221;true&#8221; _builder_version=&#8221;4.16&#8243; custom_padding=&#8221;0|0px|27px|0px|false|false&#8221; animation_style=&#8221;slide&#8221; animation_direction=&#8221;top&#8221; animation_intensity_slide=&#8221;20%&#8221; locked=&#8221;off&#8221; global_colors_info=&#8221;{}&#8221;][et_pb_column type=&#8221;2_3&#8243; _builder_version=&#8221;4.16&#8243; custom_padding=&#8221;|||&#8221; global_colors_info=&#8221;{}&#8221; custom_padding__hover=&#8221;|||&#8221;][et_pb_text _builder_version=&#8221;4.16&#8243; text_font=&#8221;||||||||&#8221; ul_font=&#8221;||||||||&#8221; ol_font=&#8221;||||||||&#8221; quote_font=&#8221;||||||||&#8221; header_font=&#8221;||||||||&#8221; header_2_font=&#8221;|800|||||||&#8221; header_2_font_size=&#8221;24px&#8221; header_2_line_height=&#8221;1.8em&#8221; header_3_font=&#8221;||||||||&#8221; header_4_font=&#8221;|800||on|||||&#8221; header_4_font_size=&#8221;16px&#8221; header_4_letter_spacing=&#8221;0.5px&#8221; header_4_line_height=&#8221;1.7em&#8221; header_5_font=&#8221;||||||||&#8221; header_6_font=&#8221;||||||||&#8221; background_color=&#8221;#efefef&#8221; padding_1_last_edited=&#8221;on|desktop&#8221; custom_padding=&#8221;30px|50px|30px|50px|true|true|20px|10%|20px|10%|true|true||on|desktop&#8221; custom_padding_tablet=&#8221;&#8221; custom_padding_phone=&#8221;20px|10%|20px|10%|true|true&#8221; custom_padding_last_edited=&#8221;on|phone&#8221; header_2_font_size_tablet=&#8221;&#8221; header_2_font_size_phone=&#8221;18px&#8221; header_2_font_size_last_edited=&#8221;on|phone&#8221; locked=&#8221;off&#8221; global_colors_info=&#8221;{}&#8221;]<\/p>\n<h4>We work from<\/h4>\n<h2>Benidorm to Gand\u00eda<\/h2>\n<p>[\/et_pb_text][\/et_pb_column][et_pb_column type=&#8221;1_3&#8243; _builder_version=&#8221;4.16&#8243; custom_padding=&#8221;50px|50px|50px|50px&#8221; custom_padding_tablet=&#8221;&#8221; custom_padding_phone=&#8221;20px|10%|20px|10%|true|true&#8221; custom_padding_last_edited=&#8221;on|phone&#8221; global_colors_info=&#8221;{}&#8221; padding_phone=&#8221;20px|10%|20px|10%|true|true&#8221; padding_last_edited=&#8221;on|phone&#8221; custom_padding__hover=&#8221;|||&#8221;][\/et_pb_column][\/et_pb_row][et_pb_row column_structure=&#8221;2_3,1_3&#8243; custom_padding_last_edited=&#8221;on|phone&#8221; _builder_version=&#8221;4.16&#8243; custom_margin_tablet=&#8221;&#8221; custom_margin_phone=&#8221;&#8221; custom_margin_last_edited=&#8221;on|tablet&#8221; custom_padding=&#8221;0px||||false|false&#8221; custom_padding_tablet=&#8221;0px||||false|false&#8221; custom_padding_phone=&#8221;0px||||false|false&#8221; global_colors_info=&#8221;{}&#8221;][et_pb_column type=&#8221;2_3&#8243; _builder_version=&#8221;4.16&#8243; custom_padding=&#8221;|||&#8221; global_colors_info=&#8221;{}&#8221; custom_padding__hover=&#8221;|||&#8221;][et_pb_text _builder_version=&#8221;4.16&#8243; text_font=&#8221;Open Sans||||||||&#8221; text_font_size=&#8221;16px&#8221; text_line_height=&#8221;1.8em&#8221; header_font=&#8221;|800|||||||&#8221; header_font_size=&#8221;50px&#8221; header_3_font=&#8221;|800|||||||&#8221; header_3_text_color=&#8221;#f25b3a&#8221; header_3_font_size=&#8221;24px&#8221; header_3_line_height=&#8221;1.8em&#8221; header_font_size_tablet=&#8221;&#8221; header_font_size_phone=&#8221;&#8221; header_font_size_last_edited=&#8221;on|phone&#8221; header_3_font_size_tablet=&#8221;&#8221; header_3_font_size_phone=&#8221;18px&#8221; header_3_font_size_last_edited=&#8221;on|phone&#8221; locked=&#8221;off&#8221; global_colors_info=&#8221;{}&#8221;]<\/p>\n<h1>About us<\/h1>\n<p style=\"text-align: justify;\"><strong>Limpiezas Domingo<\/strong> e Hijos has <strong>more than 15 years<\/strong> <strong>of experience<\/strong> and a team of <strong>highly qualified professionals<\/strong>, which guarantees an <strong>efficient service<\/strong> <strong>at<\/strong> <strong>competitive prices<\/strong> in the north of the province of Alicante and the south of Valencia.<\/p>\n<p style=\"text-align: justify;\">Since our inception, we have been clear about our mission and values as a sewerage maintenance company. Today, we are confident that, through loyalty to our professional principles, we have built up a long track record of <strong>satisfied clients<\/strong> and <strong>jobs well done<\/strong>. That is why we will continue along the path we have set for ourselves.<\/p>\n<p style=\"text-align: justify;\">Our <strong>mission<\/strong> is: To assure our customers that we will <strong>promptly solve their problems<\/strong> related to the sanitation network.<\/p>\n<p style=\"text-align: justify;\">In addition, we are a company that is concerned about <strong>environmental conservation<\/strong>, an issue that is closely linked to our professional activity.<\/p>\n<p style=\"text-align: justify;\">When you contract <strong>cleaning and maintenance services for your pipes<\/strong> with <strong>Limpiezas Domingo e Hijos<\/strong>, you are contracting services with total guarantee. That&#8217;s why we also strive to advise you on the maintenance your pipes need to keep them in better condition for longer.<\/p>\n<p style=\"text-align: justify;\">Our <strong>values<\/strong> are: <strong>trust, proximity, quality, communication and transparency<\/strong>, all based on a personalised service, because for us, each of our clients is unique and deserves <strong>special attention<\/strong> and a specific solution.<\/p>\n<p style=\"text-align: justify;\">At <strong>Limpiezas Domingo e Hijos<\/strong>, we have always been driven by continuous improvement. This concern for finding the perfect solution for each case has led us to manage the ISO 9001:2008, 14001:2000 and UNE 171210 <strong>certifications<\/strong>. It has also led us to acquire <strong>equipment equipped with the latest technology<\/strong> in the sanitary network maintenance sector, and to <strong>diversify<\/strong> into highly specialised areas.<\/p>\n<p>[\/et_pb_text][\/et_pb_column][et_pb_column type=&#8221;1_3&#8243; _builder_version=&#8221;4.16&#8243; custom_padding=&#8221;|||&#8221; global_colors_info=&#8221;{}&#8221; custom_padding__hover=&#8221;|||&#8221;][et_pb_image src=&#8221;https:\/\/www.limpiezasdomingo.com\/wp-content\/uploads\/2020\/10\/Profesionales-Domingo-e-hijos.jpg&#8221; alt=&#8221;Professionals Domingo e hijos&#8221; title_text=&#8221;Profesionales Domingo e hijos&#8221; _builder_version=&#8221;4.16&#8243; _module_preset=&#8221;default&#8221; custom_padding=&#8221;65px||||false|false&#8221; custom_padding_tablet=&#8221;0px||||false|false&#8221; custom_padding_phone=&#8221;0px||||false|false&#8221; custom_padding_last_edited=&#8221;on|tablet&#8221; box_shadow_style=&#8221;preset2&#8243; global_colors_info=&#8221;{}&#8221;][\/et_pb_image][et_pb_image src=&#8221;https:\/\/www.limpiezasdomingo.com\/wp-content\/uploads\/2020\/10\/domingo-e-hijos-javea.jpg&#8221; alt=&#8221;domingo e hijos javea&#8221; title_text=&#8221;domingo e hijos javea&#8221; _builder_version=&#8221;4.16&#8243; _module_preset=&#8221;default&#8221; custom_padding=&#8221;65px||||false|false&#8221; custom_padding_tablet=&#8221;0px||||false|false&#8221; custom_padding_phone=&#8221;0px||||false|false&#8221; custom_padding_last_edited=&#8221;on|tablet&#8221; box_shadow_style=&#8221;preset2&#8243; global_colors_info=&#8221;{}&#8221;][\/et_pb_image][\/et_pb_column][\/et_pb_row][\/et_pb_section][et_pb_section fb_built=&#8221;1&#8243; admin_label=&#8221;Numbers Counter&#8221; _builder_version=&#8221;4.16&#8243; use_background_color_gradient=&#8221;on&#8221; background_color_gradient_type=&#8221;circular&#8221; background_color_gradient_direction_radial=&#8221;top right&#8221; background_color_gradient_stops=&#8221;#210b00 10%|rgba(33,25,21,0) 100%&#8221; background_color_gradient_overlays_image=&#8221;on&#8221; background_color_gradient_start=&#8221;#210b00&#8243; background_color_gradient_start_position=&#8221;10%&#8221; background_color_gradient_end=&#8221;rgba(33,25,21,0)&#8221; background_image=&#8221;https:\/\/www.limpiezasdomingo.com\/wp-content\/uploads\/2020\/10\/Desatascos-fosa-septica.jpg&#8221; custom_padding=&#8221;100px||100px||true|false&#8221; bottom_divider_style=&#8221;waves2&#8243; bottom_divider_color=&#8221;#0c71c3&#8243; global_colors_info=&#8221;{}&#8221;][et_pb_row column_structure=&#8221;2_5,3_5&#8243; _builder_version=&#8221;4.16&#8243; global_colors_info=&#8221;{}&#8221;][et_pb_column type=&#8221;2_5&#8243; _builder_version=&#8221;4.16&#8243; custom_padding=&#8221;|||&#8221; custom_padding_tablet=&#8221;&#8221; custom_padding_phone=&#8221;||30px|&#8221; custom_padding_last_edited=&#8221;on|tablet&#8221; global_colors_info=&#8221;{}&#8221; padding_phone=&#8221;||30px|&#8221; padding_last_edited=&#8221;on|tablet&#8221; custom_padding__hover=&#8221;|||&#8221;][et_pb_number_counter title=&#8221;Years of experience&#8221; number=&#8221;15&#8243; percent_sign=&#8221;off&#8221; _builder_version=&#8221;4.16&#8243; title_font=&#8221;Open Sans|800|||||||&#8221; number_font=&#8221;Open Sans|800|||||||&#8221; number_text_color=&#8221;#&#8221; number_font_size=&#8221;60px&#8221; background_layout=&#8221;dark&#8221; global_colors_info=&#8221;{}&#8221;][\/et_pb_number_counter][\/et_pb_column][et_pb_column type=&#8221;3_5&#8243; _builder_version=&#8221;4.16&#8243; background_color=&#8221;rgba(255,255,255,0.76)&#8221; custom_padding=&#8221;40px|40px|40px|40px|true|true&#8221; custom_padding_tablet=&#8221;&#8221; custom_padding_phone=&#8221;||30px|&#8221; custom_padding_last_edited=&#8221;on|desktop&#8221; global_colors_info=&#8221;{}&#8221; padding_phone=&#8221;||30px|&#8221; padding_last_edited=&#8221;on|tablet&#8221; custom_padding__hover=&#8221;|||&#8221;][et_pb_contact_form email=&#8221;info@limpiezasdomingo.com&#8221; custom_message=&#8221;Email de petici\u00f3n de presupuesto de limpiezasdomingo.com:||et_pb_line_break_holder||||et_pb_line_break_holder||Nombre: %%Nombre%%||et_pb_line_break_holder||Tel\u00e9fono: %%telefono%%||et_pb_line_break_holder||Email: %%Email%%||et_pb_line_break_holder||Tipo de servicio: %%servicio%%||et_pb_line_break_holder||Mensaje: %%Mensaje%%&#8221; submit_button_text=&#8221;Enviar&#8221; module_id=&#8221;et_pb_contact_form_1&#8243; _builder_version=&#8221;4.24.2&#8243; _unique_id=&#8221;ce34b7da-5207-48be-a511-dda918b58974&#8243; form_field_font=&#8221;Open Sans||||||||&#8221; form_field_font_size=&#8221;16px&#8221; form_field_line_height=&#8221;2em&#8221; custom_button=&#8221;on&#8221; button_text_size=&#8221;16px&#8221; button_text_color=&#8221;#393185&#8243; button_border_width=&#8221;0px&#8221; button_border_radius=&#8221;0px&#8221; button_letter_spacing=&#8221;1px&#8221; button_font=&#8221;Roboto|700||on|||||&#8221; button_icon=&#8221;&#x35;||divi||400&#8243; button_on_hover=&#8221;off&#8221; border_width_all=&#8221;2px&#8221; border_color_all=&#8221;rgba(0,0,0,0.15)&#8221; global_colors_info=&#8221;{}&#8221;][et_pb_contact_field field_id=&#8221;Nombre&#8221; field_title=&#8221;Nombre y apellidos&#8221; allowed_symbols=&#8221;letters&#8221; _builder_version=&#8221;4.16&#8243; _module_preset=&#8221;default&#8221; global_colors_info=&#8221;{}&#8221;][\/et_pb_contact_field][et_pb_contact_field field_id=&#8221;telefono&#8221; field_title=&#8221;Tel\u00e9fono&#8221; allowed_symbols=&#8221;numbers&#8221; _builder_version=&#8221;4.16&#8243; _module_preset=&#8221;default&#8221; global_colors_info=&#8221;{}&#8221;][\/et_pb_contact_field][et_pb_contact_field field_id=&#8221;Email&#8221; field_title=&#8221;Email&#8221; field_type=&#8221;email&#8221; _builder_version=&#8221;4.16&#8243; global_colors_info=&#8221;{}&#8221; button_text_size__hover_enabled=&#8221;off&#8221; button_one_text_size__hover_enabled=&#8221;off&#8221; button_two_text_size__hover_enabled=&#8221;off&#8221; button_text_color__hover_enabled=&#8221;off&#8221; button_one_text_color__hover_enabled=&#8221;off&#8221; button_two_text_color__hover_enabled=&#8221;off&#8221; button_border_width__hover_enabled=&#8221;off&#8221; button_one_border_width__hover_enabled=&#8221;off&#8221; button_two_border_width__hover_enabled=&#8221;off&#8221; button_border_color__hover_enabled=&#8221;off&#8221; button_one_border_color__hover_enabled=&#8221;off&#8221; button_two_border_color__hover_enabled=&#8221;off&#8221; button_border_radius__hover_enabled=&#8221;off&#8221; button_one_border_radius__hover_enabled=&#8221;off&#8221; button_two_border_radius__hover_enabled=&#8221;off&#8221; button_letter_spacing__hover_enabled=&#8221;off&#8221; button_one_letter_spacing__hover_enabled=&#8221;off&#8221; button_two_letter_spacing__hover_enabled=&#8221;off&#8221; button_bg_color__hover_enabled=&#8221;off&#8221; button_one_bg_color__hover_enabled=&#8221;off&#8221; button_two_bg_color__hover_enabled=&#8221;off&#8221;][\/et_pb_contact_field][et_pb_contact_field field_id=&#8221;servicio&#8221; field_title=&#8221;Tipo de servicio&#8221; field_type=&#8221;select&#8221; select_options=&#8221;%91{%22value%22:%22Desatascos y limpieza de tuber\u00edas%22,%22checked%22:0,%22dragID%22:-1},{%22value%22:%22Limpieza industrial%22,%22checked%22:0,%22dragID%22:0},{%22value%22:%22Extracci\u00f3n de fosas s\u00e9pticas%22,%22checked%22:0,%22dragID%22:1},{%22value%22:%22Limpieza a presi\u00f3n%22,%22checked%22:0,%22dragID%22:2},{%22value%22:%22Inspecci\u00f3n de tuber\u00edas con unidad TV%22,%22checked%22:0,%22dragID%22:3},{%22value%22:%22Detecci\u00f3n de arquetas ocultas%22,%22checked%22:0,%22dragID%22:4},{%22value%22:%22Infiltraci\u00f3n de raices%22,%22checked%22:0,%22dragID%22:5},{%22value%22:%22Localizaci\u00f3n de atascos y roturas en tuber\u00edas%22,%22checked%22:0,%22dragID%22:6},{%22value%22:%22Reparaci\u00f3n de tuber\u00edas sin obra%22,%22checked%22:0,%22dragID%22:7},{%22value%22:%22Fresado interior de tuber\u00edas%22,%22checked%22:0,%22dragID%22:8},{%22value%22:%22Localizaci\u00f3n de fugas de agua%22,%22checked%22:0,%22dragID%22:9},{%22value%22:%22Contratos de mantenimiento%22,%22checked%22:0,%22dragID%22:10}%93&#8243; _builder_version=&#8221;4.16&#8243; form_field_background_color=&#8221;#eeeeee&#8221; form_field_font=&#8221;Open Sans||||||||&#8221; form_field_line_height=&#8221;1.8em&#8221; field_background_color=&#8221;rgba(0,0,0,0)&#8221; global_colors_info=&#8221;{}&#8221; button_text_size__hover_enabled=&#8221;off&#8221; button_one_text_size__hover_enabled=&#8221;off&#8221; button_two_text_size__hover_enabled=&#8221;off&#8221; button_text_color__hover_enabled=&#8221;off&#8221; button_one_text_color__hover_enabled=&#8221;off&#8221; button_two_text_color__hover_enabled=&#8221;off&#8221; button_border_width__hover_enabled=&#8221;off&#8221; button_one_border_width__hover_enabled=&#8221;off&#8221; button_two_border_width__hover_enabled=&#8221;off&#8221; button_border_color__hover_enabled=&#8221;off&#8221; button_one_border_color__hover_enabled=&#8221;off&#8221; button_two_border_color__hover_enabled=&#8221;off&#8221; button_border_radius__hover_enabled=&#8221;off&#8221; button_one_border_radius__hover_enabled=&#8221;off&#8221; button_two_border_radius__hover_enabled=&#8221;off&#8221; button_letter_spacing__hover_enabled=&#8221;off&#8221; button_one_letter_spacing__hover_enabled=&#8221;off&#8221; button_two_letter_spacing__hover_enabled=&#8221;off&#8221; button_bg_color__hover_enabled=&#8221;off&#8221; button_one_bg_color__hover_enabled=&#8221;off&#8221; button_two_bg_color__hover_enabled=&#8221;off&#8221;][\/et_pb_contact_field][et_pb_contact_field field_id=&#8221;Mensaje&#8221; field_title=&#8221;Describe lo que necesitas para personalizar tu presupuesto&#8221; field_type=&#8221;text&#8221; fullwidth_field=&#8221;on&#8221; _builder_version=&#8221;4.16&#8243; global_colors_info=&#8221;{}&#8221; button_text_size__hover_enabled=&#8221;off&#8221; button_one_text_size__hover_enabled=&#8221;off&#8221; button_two_text_size__hover_enabled=&#8221;off&#8221; button_text_color__hover_enabled=&#8221;off&#8221; button_one_text_color__hover_enabled=&#8221;off&#8221; button_two_text_color__hover_enabled=&#8221;off&#8221; button_border_width__hover_enabled=&#8221;off&#8221; button_one_border_width__hover_enabled=&#8221;off&#8221; button_two_border_width__hover_enabled=&#8221;off&#8221; button_border_color__hover_enabled=&#8221;off&#8221; button_one_border_color__hover_enabled=&#8221;off&#8221; button_two_border_color__hover_enabled=&#8221;off&#8221; button_border_radius__hover_enabled=&#8221;off&#8221; button_one_border_radius__hover_enabled=&#8221;off&#8221; button_two_border_radius__hover_enabled=&#8221;off&#8221; button_letter_spacing__hover_enabled=&#8221;off&#8221; button_one_letter_spacing__hover_enabled=&#8221;off&#8221; button_two_letter_spacing__hover_enabled=&#8221;off&#8221; button_bg_color__hover_enabled=&#8221;off&#8221; button_one_bg_color__hover_enabled=&#8221;off&#8221; button_two_bg_color__hover_enabled=&#8221;off&#8221;][\/et_pb_contact_field][et_pb_contact_field field_id=&#8221;politica&#8221; field_title=&#8221; &#8221; field_type=&#8221;checkbox&#8221; checkbox_options=&#8221;%91{%22value%22:%22 He le\u00eddo y acepto la %22,%22checked%22:0,%22dragID%22:-1,%22link_url%22:%22https:\/\/www.limpiezasdomingo.com\/en\/privacy-policy\/%22,%22link_text%22:%22Pol\u00edtica de Privacidad%22}%93&#8243; fullwidth_field=&#8221;on&#8221; _builder_version=&#8221;4.24.2&#8243; _module_preset=&#8221;default&#8221; global_colors_info=&#8221;{}&#8221;][\/et_pb_contact_field][\/et_pb_contact_form][\/et_pb_column][\/et_pb_row][\/et_pb_section]<\/p>\n","protected":false},"excerpt":{"rendered":"<p>We work from Benidorm to Gand\u00edaAbout us Limpiezas Domingo e Hijos has more than 15 years of experience and a team of highly qualified professionals, which guarantees an efficient service at competitive prices in the north of the province of Alicante and the south of Valencia. Since our inception, we have been clear about our [&hellip;]<\/p>\n","protected":false},"author":1,"featured_media":0,"parent":0,"menu_order":0,"comment_status":"closed","ping_status":"closed","template":"","meta":{"_et_pb_use_builder":"on","_et_pb_old_content":"","_et_gb_content_width":"","footnotes":""},"yoast_head":"<!-- This site is optimized with the Yoast SEO plugin v22.2 - https:\/\/yoast.com\/wordpress\/plugins\/seo\/ -->\n<title>Conoce un Poco m\u00e1s About us - Limpiezas Domingo e Hijos<\/title>\n<meta name=\"description\" content=\"15 years of experience in cleaning and emptying septic tanks, general unblocking, inspection of pipes from Javea to Gand\u00eda.\" \/>\n<meta name=\"robots\" content=\"index, follow, max-snippet:-1, max-image-preview:large, max-video-preview:-1\" \/>\n<link rel=\"canonical\" href=\"https:\/\/www.limpiezasdomingo.com\/en\/about-us\/\" \/>\n<meta property=\"og:locale\" content=\"en_US\" \/>\n<meta property=\"og:type\" content=\"article\" \/>\n<meta property=\"og:title\" content=\"Conoce un Poco m\u00e1s About us - Limpiezas Domingo e Hijos\" \/>\n<meta property=\"og:description\" content=\"15 years of experience in cleaning and emptying septic tanks, general unblocking, inspection of pipes from Javea to Gand\u00eda.\" \/>\n<meta property=\"og:url\" content=\"https:\/\/www.limpiezasdomingo.com\/en\/about-us\/\" \/>\n<meta property=\"og:site_name\" content=\"Limpiezas Domingo e Hijos\" \/>\n<meta property=\"article:modified_time\" content=\"2025-10-20T11:06:25+00:00\" \/>\n<meta name=\"twitter:card\" content=\"summary_large_image\" \/>\n<meta name=\"twitter:label1\" content=\"Est. reading time\" \/>\n\t<meta name=\"twitter:data1\" content=\"3 minutes\" \/>\n<script type=\"application\/ld+json\" class=\"yoast-schema-graph\">{\"@context\":\"https:\/\/schema.org\",\"@graph\":[{\"@type\":\"WebPage\",\"@id\":\"https:\/\/www.limpiezasdomingo.com\/en\/about-us\/\",\"url\":\"https:\/\/www.limpiezasdomingo.com\/en\/about-us\/\",\"name\":\"Conoce un Poco m\u00e1s About us - Limpiezas Domingo e Hijos\",\"isPartOf\":{\"@id\":\"https:\/\/www.limpiezasdomingo.com\/#website\"},\"datePublished\":\"2020-10-24T14:48:02+00:00\",\"dateModified\":\"2025-10-20T11:06:25+00:00\",\"description\":\"15 years of experience in cleaning and emptying septic tanks, general unblocking, inspection of pipes from Javea to Gand\u00eda.\",\"breadcrumb\":{\"@id\":\"https:\/\/www.limpiezasdomingo.com\/en\/about-us\/#breadcrumb\"},\"inLanguage\":\"en-US\",\"potentialAction\":[{\"@type\":\"ReadAction\",\"target\":[\"https:\/\/www.limpiezasdomingo.com\/en\/about-us\/\"]}]},{\"@type\":\"BreadcrumbList\",\"@id\":\"https:\/\/www.limpiezasdomingo.com\/en\/about-us\/#breadcrumb\",\"itemListElement\":[{\"@type\":\"ListItem\",\"position\":1,\"name\":\"Portada\",\"item\":\"https:\/\/www.limpiezasdomingo.com\/en\/limpieza-y-vaciado-de-fosas-septicas\/\"},{\"@type\":\"ListItem\",\"position\":2,\"name\":\"About us\"}]},{\"@type\":\"WebSite\",\"@id\":\"https:\/\/www.limpiezasdomingo.com\/#website\",\"url\":\"https:\/\/www.limpiezasdomingo.com\/\",\"name\":\"Limpiezas Domingo e Hijos\",\"description\":\"Desatascos y limpieza de tuber\u00edas, limpieza industrial, extracci\u00f3n de fosas septicas\",\"potentialAction\":[{\"@type\":\"SearchAction\",\"target\":{\"@type\":\"EntryPoint\",\"urlTemplate\":\"https:\/\/www.limpiezasdomingo.com\/?s={search_term_string}\"},\"query-input\":\"required name=search_term_string\"}],\"inLanguage\":\"en-US\"}]}<\/script>\n<!-- \/ Yoast SEO plugin. -->","yoast_head_json":{"title":"Conoce un Poco m\u00e1s About us - Limpiezas Domingo e Hijos","description":"15 years of experience in cleaning and emptying septic tanks, general unblocking, inspection of pipes from Javea to Gand\u00eda.","robots":{"index":"index","follow":"follow","max-snippet":"max-snippet:-1","max-image-preview":"max-image-preview:large","max-video-preview":"max-video-preview:-1"},"canonical":"https:\/\/www.limpiezasdomingo.com\/en\/about-us\/","og_locale":"en_US","og_type":"article","og_title":"Conoce un Poco m\u00e1s About us - Limpiezas Domingo e Hijos","og_description":"15 years of experience in cleaning and emptying septic tanks, general unblocking, inspection of pipes from Javea to Gand\u00eda.","og_url":"https:\/\/www.limpiezasdomingo.com\/en\/about-us\/","og_site_name":"Limpiezas Domingo e Hijos","article_modified_time":"2025-10-20T11:06:25+00:00","twitter_card":"summary_large_image","twitter_misc":{"Est. reading time":"3 minutes"},"schema":{"@context":"https:\/\/schema.org","@graph":[{"@type":"WebPage","@id":"https:\/\/www.limpiezasdomingo.com\/en\/about-us\/","url":"https:\/\/www.limpiezasdomingo.com\/en\/about-us\/","name":"Conoce un Poco m\u00e1s About us - Limpiezas Domingo e Hijos","isPartOf":{"@id":"https:\/\/www.limpiezasdomingo.com\/#website"},"datePublished":"2020-10-24T14:48:02+00:00","dateModified":"2025-10-20T11:06:25+00:00","description":"15 years of experience in cleaning and emptying septic tanks, general unblocking, inspection of pipes from Javea to Gand\u00eda.","breadcrumb":{"@id":"https:\/\/www.limpiezasdomingo.com\/en\/about-us\/#breadcrumb"},"inLanguage":"en-US","potentialAction":[{"@type":"ReadAction","target":["https:\/\/www.limpiezasdomingo.com\/en\/about-us\/"]}]},{"@type":"BreadcrumbList","@id":"https:\/\/www.limpiezasdomingo.com\/en\/about-us\/#breadcrumb","itemListElement":[{"@type":"ListItem","position":1,"name":"Portada","item":"https:\/\/www.limpiezasdomingo.com\/en\/limpieza-y-vaciado-de-fosas-septicas\/"},{"@type":"ListItem","position":2,"name":"About us"}]},{"@type":"WebSite","@id":"https:\/\/www.limpiezasdomingo.com\/#website","url":"https:\/\/www.limpiezasdomingo.com\/","name":"Limpiezas Domingo e Hijos","description":"Desatascos y limpieza de tuber\u00edas, limpieza industrial, extracci\u00f3n de fosas septicas","potentialAction":[{"@type":"SearchAction","target":{"@type":"EntryPoint","urlTemplate":"https:\/\/www.limpiezasdomingo.com\/?s={search_term_string}"},"query-input":"required name=search_term_string"}],"inLanguage":"en-US"}]}},"_links":{"self":[{"href":"https:\/\/www.limpiezasdomingo.com\/en\/wp-json\/wp\/v2\/pages\/1228"}],"collection":[{"href":"https:\/\/www.limpiezasdomingo.com\/en\/wp-json\/wp\/v2\/pages"}],"about":[{"href":"https:\/\/www.limpiezasdomingo.com\/en\/wp-json\/wp\/v2\/types\/page"}],"author":[{"embeddable":true,"href":"https:\/\/www.limpiezasdomingo.com\/en\/wp-json\/wp\/v2\/users\/1"}],"replies":[{"embeddable":true,"href":"https:\/\/www.limpiezasdomingo.com\/en\/wp-json\/wp\/v2\/comments?post=1228"}],"version-history":[{"count":2,"href":"https:\/\/www.limpiezasdomingo.com\/en\/wp-json\/wp\/v2\/pages\/1228\/revisions"}],"predecessor-version":[{"id":3485,"href":"https:\/\/www.limpiezasdomingo.com\/en\/wp-json\/wp\/v2\/pages\/1228\/revisions\/3485"}],"wp:attachment":[{"href":"https:\/\/www.limpiezasdomingo.com\/en\/wp-json\/wp\/v2\/media?parent=1228"}],"curies":[{"name":"wp","href":"https:\/\/api.w.org\/{rel}","templated":true}]}}